{"id":81,"date":"2018-12-27T13:02:18","date_gmt":"2018-12-27T13:02:18","guid":{"rendered":"http:\/\/robert-maier-online.de\/?page_id=81"},"modified":"2018-12-27T13:02:18","modified_gmt":"2018-12-27T13:02:18","slug":"impressum","status":"publish","type":"page","link":"https:\/\/mauer-werk.de\/?page_id=81","title":{"rendered":"Impressum\/Datenschutz"},"content":{"rendered":"\t\t<div data-elementor-type=\"wp-post\" data-elementor-id=\"81\" class=\"elementor elementor-81 elementor-bc-flex-widget\">\n\t\t\t\t\t\t<section class=\"elementor-section elementor-top-section elementor-element elementor-element-c3fdad3 elementor-section-boxed elementor-section-height-default elementor-section-height-default\" data-id=\"c3fdad3\" data-element_type=\"section\">\n\t\t\t\t\t\t<div class=\"elementor-container elementor-column-gap-default\">\n\t\t\t\t\t<div class=\"elementor-column elementor-col-100 elementor-top-column elementor-element elementor-element-ee42eea\" data-id=\"ee42eea\" data-element_type=\"column\">\n\t\t\t<div class=\"elementor-widget-wrap elementor-element-populated\">\n\t\t\t\t\t\t<div class=\"elementor-element elementor-element-7e3ca1a elementor-widget elementor-widget-spacer\" data-id=\"7e3ca1a\" data-element_type=\"widget\" data-widget_type=\"spacer.default\">\n\t\t\t\t<div class=\"elementor-widget-container\">\n\t\t\t\t\t<div class=\"elementor-spacer\">\n\t\t\t<div class=\"elementor-spacer-inner\"><\/div>\n\t\t<\/div>\n\t\t\t\t<\/div>\n\t\t\t\t<\/div>\n\t\t\t\t<div class=\"elementor-element elementor-element-8b003a5 elementor-widget elementor-widget-text-editor\" data-id=\"8b003a5\" data-element_type=\"widget\" data-widget_type=\"text-editor.default\">\n\t\t\t\t<div class=\"elementor-widget-container\">\n\t\t\t\t\t\t\t<h1 class=\"MsoNormal\" style=\"text-align: center;\"><span style=\"font-family: book antiqua, palatino, serif;\"><strong>Impressum:<\/strong><\/span><\/h1><p class=\"MsoNormal\" style=\"text-align: center;\"><span style=\"font-family: book antiqua, palatino, serif;\">Heiko Kupzick<\/span><br \/><span style=\"font-family: book antiqua, palatino, serif;\">Rathausstra\u00dfe 10<\/span><br \/><span style=\"font-family: book antiqua, palatino, serif;\">79268 B\u00f6tzingen<\/span><br \/><span style=\"font-family: book antiqua, palatino, serif;\">Telefon 0 76 63 \/ 913 534<\/span><br \/><span style=\"font-family: book antiqua, palatino, serif;\">Telefax 0 76 63 \/ 913 538<\/span><br \/><span style=\"font-family: book antiqua, palatino, serif;\">E-Mail: info@mauer-werk.de<\/span><\/p><p style=\"text-align: center;\"><span style=\"font-family: book antiqua, palatino, serif;\">Registergericht: Amtsgericht Freiburg<\/span><\/p><p style=\"text-align: center;\"><span style=\"font-family: book antiqua, palatino, serif;\">StNr.: 07392 04606<\/span><\/p><p style=\"text-align: center;\"><span style=\"font-family: book antiqua, palatino, serif;\">Sitz der Gesellschaft: 79268 B\u00f6tzingen<\/span><\/p><h2 style=\"text-align: center;\"><span style=\"font-family: book antiqua, palatino, serif;\">Haftung f\u00fcr Inhalte<\/span><\/h2><p style=\"text-align: center;\"><span style=\"font-family: book antiqua, palatino, serif;\">Die Inhalte unserer Seiten wurden mit gr\u00f6\u00dfter Sorgfalt erstellt. F\u00fcr die Richtigkeit, Vollst\u00e4ndigkeit und Aktualit\u00e4t der Inhalte k\u00f6nnen wir jedoch keine Gew\u00e4hr \u00fcbernehmen. Als Diensteanbieter sind wir gem\u00e4\u00df \u00a7 7 Abs.1 TMG f\u00fcr eigene Inhalte auf diesen Seiten nach den allgemeinen Gesetzen verantwortlich. Nach \u00a7\u00a7 8 bis 10 TMG sind wir als Diensteanbieter jedoch nicht verpflichtet, \u00fcbermittelte oder gespeicherte fremde Informationen zu \u00fcberwachen oder nach Umst\u00e4nden zu forschen, die auf eine rechtswidrige T\u00e4tigkeit hinweisen. Verpflichtungen zur Entfernung oder Sperrung der Nutzung von Informationen nach den allgemeinen Gesetzen bleiben hiervon unber\u00fchrt. Eine diesbez\u00fcgliche Haftung ist jedoch erst ab dem Zeitpunkt der Kenntnis einer konkreten Rechtsverletzung m\u00f6glich. Bei Bekanntwerden von entsprechenden Rechtsverletzungen werden wir diese Inhalte umgehend entfernen.<\/span><\/p><h2 style=\"text-align: center;\"><span style=\"font-family: book antiqua, palatino, serif;\">Haftung f\u00fcr Links<\/span><\/h2><p style=\"text-align: center;\"><span style=\"font-family: book antiqua, palatino, serif;\">Unser Angebot enth\u00e4lt Links zu externen Webseiten Dritter, auf deren Inhalte wir keinen Einfluss haben. Deshalb k\u00f6nnen wir f\u00fcr diese fremden Inhalte auch keine Gew\u00e4hr \u00fcbernehmen. F\u00fcr die Inhalte der verlinkten Seiten ist stets der jeweilige Anbieter oder Betreiber der Seiten verantwortlich. Die verlinkten Seiten wurden zum Zeitpunkt der Verlinkung auf m\u00f6gliche Rechtsverst\u00f6\u00dfe \u00fcberpr\u00fcft. Rechtswidrige Inhalte waren zum Zeitpunkt der Verlinkung nicht erkennbar. Eine permanente inhaltliche Kontrolle der verlinkten Seiten ist jedoch ohne konkrete Anhaltspunkte einer Rechtsverletzung nicht zumutbar. Bei Bekanntwerden von Rechtsverletzungen werden wir derartige Links umgehend entfernen.<\/span><\/p><h2 style=\"text-align: center;\"><span style=\"font-family: book antiqua, palatino, serif;\">Urheberrecht<\/span><\/h2><p style=\"text-align: center;\"><span style=\"font-family: book antiqua, palatino, serif;\">Die durch die Seitenbetreiber erstellten Inhalte und Werke auf diesen Seiten unterliegen dem deutschen Urheberrecht. Die Vervielf\u00e4ltigung, Bearbeitung, Verbreitung und jede Art der Verwertung au\u00dferhalb der Grenzen des Urheberrechtes bed\u00fcrfen der schriftlichen Zustimmung des jeweiligen Autors bzw. Erstellers. Downloads und Kopien dieser Seite sind nur f\u00fcr den privaten, nicht kommerziellen Gebrauch gestattet. Soweit die Inhalte auf dieser Seite nicht vom Betreiber erstellt wurden, werden die Urheberrechte Dritter beachtet. Insbesondere werden Inhalte Dritter als solche gekennzeichnet. Sollten Sie trotzdem auf eine Urheberrechtsverletzung aufmerksam werden, bitten wir um einen entsprechenden Hinweis. Bei Bekanntwerden von Rechtsverletzungen werden wir derartige Inhalte umgehend entfernen.<\/span><\/p><h2 style=\"text-align: center;\"><span style=\"font-family: book antiqua, palatino, serif;\">Datenschutz<\/span><\/h2><p style=\"text-align: center;\"><span style=\"font-family: book antiqua, palatino, serif;\">Die Nutzung unserer Webseite ist in der Regel ohne Angabe personenbezogener Daten m\u00f6glich. Soweit auf unseren Seiten personenbezogene Daten (beispielsweise Name, Anschrift oder eMail-Adressen) erhoben werden, erfolgt dies, soweit m\u00f6glich, stets auf freiwilliger Basis. Diese Daten werden ohne Ihre ausdr\u00fcckliche Zustimmung nicht an Dritte weitergegeben.<\/span><\/p><p style=\"text-align: center;\"><span style=\"font-family: book antiqua, palatino, serif;\">Wir weisen darauf hin, dass die Daten\u00fcbertragung im Internet (z.B. bei der Kommunikation per E-Mail) Sicherheitsl\u00fccken aufweisen kann. Ein l\u00fcckenloser Schutz der Daten vor dem Zugriff durch Dritte ist nicht m\u00f6glich.<\/span><\/p><p style=\"text-align: center;\"><span style=\"font-family: book antiqua, palatino, serif;\">Der Nutzung von im Rahmen der Impressumspflicht ver\u00f6ffentlichten Kontaktdaten durch Dritte zur \u00dcbersendung von nicht ausdr\u00fccklich angeforderter Werbung und Informationsmaterialien wird hiermit ausdr\u00fccklich widersprochen. Die Betreiber der Seiten behalten sich ausdr\u00fccklich rechtliche Schritte im Falle der unverlangten Zusendung von Werbeinformationen, etwa durch Spam-Mails, vor.<\/span><\/p><p style=\"text-align: center;\"><span style=\"font-family: book antiqua, palatino, serif;\">Quellen: eRecht24 Disclaimer<\/span><\/p><h2 style=\"text-align: center;\"><span style=\"font-family: book antiqua, palatino, serif;\">Datenschutzerkl\u00e4rung<\/span><\/h2><p style=\"text-align: center;\"><span style=\"font-family: book antiqua, palatino, serif;\">Verantwortliche Stelle im Sinne der Datenschutzgesetze, insbesondere der EU-Datenschutzgrundverordnung (DSGVO), ist:<\/span><\/p><p style=\"text-align: center;\"><span style=\"font-family: book antiqua, palatino, serif;\">Heiko Kupzick<\/span><br \/><span style=\"font-family: book antiqua, palatino, serif;\">Rathausstra\u00dfe 10<\/span><br \/><span style=\"font-family: book antiqua, palatino, serif;\">79268 B\u00f6tzingen<\/span><br \/><span style=\"font-family: book antiqua, palatino, serif;\">Telefon 0 76 63 \/ 913 534<\/span><br \/><span style=\"font-family: book antiqua, palatino, serif;\">Telefax 0 76 63 \/ 913 538<\/span><br \/><span style=\"font-family: book antiqua, palatino, serif;\">E-Mail: info@mauer-werk.de<\/span><\/p><h2 style=\"text-align: center;\"><span style=\"font-family: book antiqua, palatino, serif;\">Ihre Betroffenenrechte<\/span><\/h2><p style=\"text-align: center;\"><span style=\"font-family: book antiqua, palatino, serif;\">Unter den angegebenen Kontaktdaten unseres Datenschutzbeauftragten k\u00f6nnen Sie jederzeit folgende Rechte aus\u00fcben:<\/span><\/p><p style=\"text-align: center;\"><span style=\"font-family: book antiqua, palatino, serif;\">Auskunft \u00fcber Ihre bei uns gespeicherten Daten und deren Verarbeitung,<\/span><br \/><span style=\"font-family: book antiqua, palatino, serif;\">Berichtigung unrichtiger personenbezogener Daten,<\/span><br \/><span style=\"font-family: book antiqua, palatino, serif;\">L\u00f6schung Ihrer bei uns gespeicherten Daten,<\/span><br \/><span style=\"font-family: book antiqua, palatino, serif;\">Einschr\u00e4nkung der Datenverarbeitung, sofern wir Ihre Daten aufgrund gesetzlicher Pflichten noch nicht l\u00f6schen d\u00fcrfen,<\/span><br \/><span style=\"font-family: book antiqua, palatino, serif;\">Widerspruch gegen die Verarbeitung Ihrer Daten bei uns und<\/span><br \/><span style=\"font-family: book antiqua, palatino, serif;\">Daten\u00fcbertragbarkeit, sofern Sie in die Datenverarbeitung eingewilligt haben oder einen Vertrag mit uns abgeschlossen haben.<\/span><br \/><span style=\"font-family: book antiqua, palatino, serif;\">Sofern Sie uns eine Einwilligung erteilt haben, k\u00f6nnen Sie diese jederzeit mit Wirkung f\u00fcr die Zukunft widerrufen.<\/span><\/p><p style=\"text-align: center;\"><span style=\"font-family: book antiqua, palatino, serif;\">Sie k\u00f6nnen sich jederzeit mit einer Beschwerde an die f\u00fcr Sie zust\u00e4ndige Aufsichtsbeh\u00f6rde wenden. Ihre zust\u00e4ndige Aufsichtsbeh\u00f6rde richtet sich nach dem Bundesland Ihres Wohnsitzes, Ihrer Arbeit oder der mutma\u00dflichen Verletzung. Eine Liste der Aufsichtsbeh\u00f6rden (f\u00fcr den nicht\u00f6ffentlichen Bereich) mit Anschrift finden Sie unter: https:\/\/www.bfdi.bund.de\/DE\/Infothek\/Anschriften_Links\/anschriften_links-node.html.<\/span><\/p><h2 style=\"text-align: center;\"><span style=\"font-family: book antiqua, palatino, serif;\">Zwecke der Datenverarbeitung durch die verantwortliche Stelle und Dritte<\/span><\/h2><p style=\"text-align: center;\"><span style=\"font-family: book antiqua, palatino, serif;\">Wir verarbeiten Ihre personenbezogenen Daten nur zu den in dieser Datenschutzerkl\u00e4rung genannten Zwecken. Eine \u00dcbermittlung Ihrer pers\u00f6nlichen Daten an Dritte zu anderen als den genannten Zwecken findet nicht statt. Wir geben Ihre pers\u00f6nlichen Daten nur an Dritte weiter, wenn:<\/span><\/p><p style=\"text-align: center;\"><span style=\"font-family: book antiqua, palatino, serif;\">Sie Ihre ausdr\u00fcckliche Einwilligung dazu erteilt haben,<\/span><br \/><span style=\"font-family: book antiqua, palatino, serif;\">die Verarbeitung zur Abwicklung eines Vertrags mit Ihnen erforderlich ist,<\/span><br \/><span style=\"font-family: book antiqua, palatino, serif;\">die Verarbeitung zur Erf\u00fcllung einer rechtlichen Verpflichtung erforderlich ist,<\/span><br \/><span style=\"font-family: book antiqua, palatino, serif;\">die Verarbeitung zur Wahrung berechtigter Interessen erforderlich ist und kein Grund zur Annahme besteht, dass Sie ein \u00fcberwiegendes schutzw\u00fcrdiges Interesse an der Nichtweitergabe Ihrer Daten haben.<\/span><\/p><h2 style=\"text-align: center;\"><span style=\"font-family: book antiqua, palatino, serif;\">L\u00f6schung bzw. Sperrung der Daten<\/span><\/h2><p style=\"text-align: center;\"><span style=\"font-family: book antiqua, palatino, serif;\">Wir halten uns an die Grunds\u00e4tze der Datenvermeidung und Datensparsamkeit. Wir speichern Ihre personenbezogenen Daten daher nur so lange, wie dies zur Erreichung der hier genannten Zwecke erforderlich ist oder wie es die vom Gesetzgeber vorgesehenen vielf\u00e4ltigen Speicherfristen vorsehen. Nach Fortfall des jeweiligen Zweckes bzw. Ablauf dieser Fristen werden die entsprechenden Daten routinem\u00e4\u00dfig und entsprechend den gesetzlichen Vorschriften gesperrt oder gel\u00f6scht.<\/span><\/p><p style=\"text-align: center;\"><span style=\"font-family: book antiqua, palatino, serif;\">Verwendung von Google Maps<\/span><\/p><p style=\"text-align: center;\"><span style=\"font-family: book antiqua, palatino, serif;\">Diese Webseite verwendet Google Maps API, um geographische Informationen visuell darzustellen. Bei der Nutzung von Google Maps werden von Google auch Daten \u00fcber die Nutzung der Kartenfunktionen durch Besucher erhoben, verarbeitet und genutzt. N\u00e4here Informationen \u00fcber die Datenverarbeitung durch Google k\u00f6nnen Sie den Google-Datenschutzhinweisen entnehmen. Dort k\u00f6nnen Sie im Datenschutzcenter auch Ihre pers\u00f6nlichen Datenschutz-Einstellungen ver\u00e4ndern.<\/span><\/p><p style=\"text-align: center;\"><span style=\"font-family: book antiqua, palatino, serif;\">Ausf\u00fchrliche Anleitungen zur Verwaltung der eigenen Daten im Zusammenhang mit Google-Produkten finden Sie hier.<\/span><\/p><h2 style=\"text-align: center;\"><span style=\"font-family: book antiqua, palatino, serif;\">\u00c4nderung unserer Datenschutzbestimmungen<\/span><\/h2><p style=\"text-align: center;\"><span style=\"font-family: book antiqua, palatino, serif;\">Wir behalten uns vor, diese Datenschutzerkl\u00e4rung anzupassen, damit sie stets den aktuellen rechtlichen Anforderungen entspricht oder um \u00c4nderungen unserer Leistungen in der Datenschutzerkl\u00e4rung umzusetzen, z.B. bei der Einf\u00fchrung neuer Services. F\u00fcr Ihren erneuten Besuch gilt dann die neue Datenschutzerkl\u00e4rung.<\/span><\/p><h2 style=\"text-align: center;\"><span style=\"font-family: book antiqua, palatino, serif;\">Fragen zum Datenschutz<\/span><\/h2><p style=\"text-align: center;\"><span style=\"font-family: book antiqua, palatino, serif;\">Wenn Sie Fragen zum Datenschutz haben, schreiben Sie uns bitte eine E-Mail oder wenden Sie sich direkt an die f\u00fcr den Datenschutz verantwortliche Person in unserer Organisation:<\/span><\/p><p class=\"MsoNormal\" style=\"text-align: center;\"><span style=\"font-family: book antiqua, palatino, serif;\">info@mauer-werk.de<\/span><\/p><p style=\"text-align: center;\"><span style=\"font-family: book antiqua, palatino, serif;\">Die Datenschutzerkl\u00e4rung wurde mit dem Datenschutzerkl\u00e4rungs-Generator der activeMind AG erstellt.<\/span><\/p>\t\t\t\t\t\t<\/div>\n\t\t\t\t<\/div>\n\t\t\t\t\t<\/div>\n\t\t<\/div>\n\t\t\t\t\t<\/div>\n\t\t<\/section>\n\t\t\t\t<section class=\"elementor-section elementor-top-section elementor-element elementor-element-0fb94c0 elementor-section-boxed elementor-section-height-default elementor-section-height-default\" data-id=\"0fb94c0\" data-element_type=\"section\">\n\t\t\t\t\t\t<div class=\"elementor-container elementor-column-gap-default\">\n\t\t\t\t\t<div class=\"elementor-column elementor-col-100 elementor-top-column elementor-element elementor-element-6fbb4d6\" data-id=\"6fbb4d6\" data-element_type=\"column\">\n\t\t\t<div class=\"elementor-widget-wrap\">\n\t\t\t\t\t\t\t<\/div>\n\t\t<\/div>\n\t\t\t\t\t<\/div>\n\t\t<\/section>\n\t\t\t\t<\/div>\n\t\t","protected":false},"excerpt":{"rendered":"<p>Impressum: Heiko Kupzick Rathausstra\u00dfe 10 79268 B\u00f6tzingen Telefon 0 76 63 \/ 913 534 Telefax 0 76 63 \/ 913 538 E-Mail: info@mauer-werk.de Registergericht: Amtsgericht Freiburg StNr.: 07392 04606 Sitz der Gesellschaft: 79268 B\u00f6tzingen Haftung f\u00fcr Inhalte Die Inhalte unserer Seiten wurden mit gr\u00f6\u00dfter Sorgfalt erstellt. F\u00fcr die Richtigkeit, Vollst\u00e4ndigkeit und Aktualit\u00e4t der Inhalte k\u00f6nnen [&hellip;]<\/p>\n","protected":false},"author":1,"featured_media":0,"parent":0,"menu_order":0,"comment_status":"closed","ping_status":"closed","template":"","meta":{"ocean_post_layout":"full-screen","ocean_both_sidebars_style":"","ocean_both_sidebars_content_width":0,"ocean_both_sidebars_sidebars_width":0,"ocean_sidebar":"0","ocean_second_sidebar":"0","ocean_disable_margins":"enable","ocean_add_body_class":"","ocean_shortcode_before_top_bar":"","ocean_shortcode_after_top_bar":"","ocean_shortcode_before_header":"","ocean_shortcode_after_header":"","ocean_has_shortcode":"","ocean_shortcode_after_title":"","ocean_shortcode_before_footer_widgets":"","ocean_shortcode_after_footer_widgets":"","ocean_shortcode_before_footer_bottom":"","ocean_shortcode_after_footer_bottom":"","ocean_display_top_bar":"on","ocean_display_header":"on","ocean_header_style":"","ocean_center_header_left_menu":"0","ocean_custom_header_template":"0","ocean_custom_logo":0,"ocean_custom_retina_logo":0,"ocean_custom_logo_max_width":0,"ocean_custom_logo_tablet_max_width":0,"ocean_custom_logo_mobile_max_width":0,"ocean_custom_logo_max_height":0,"ocean_custom_logo_tablet_max_height":0,"ocean_custom_logo_mobile_max_height":0,"ocean_header_custom_menu":"0","ocean_menu_typo_font_family":"0","ocean_menu_typo_font_subset":"","ocean_menu_typo_font_size":0,"ocean_menu_typo_font_size_tablet":0,"ocean_menu_typo_font_size_mobile":0,"ocean_menu_typo_font_size_unit":"px","ocean_menu_typo_font_weight":"","ocean_menu_typo_font_weight_tablet":"","ocean_menu_typo_font_weight_mobile":"","ocean_menu_typo_transform":"","ocean_menu_typo_transform_tablet":"","ocean_menu_typo_transform_mobile":"","ocean_menu_typo_line_height":0,"ocean_menu_typo_line_height_tablet":0,"ocean_menu_typo_line_height_mobile":0,"ocean_menu_typo_line_height_unit":"","ocean_menu_typo_spacing":0,"ocean_menu_typo_spacing_tablet":0,"ocean_menu_typo_spacing_mobile":0,"ocean_menu_typo_spacing_unit":"","ocean_menu_link_color":"","ocean_menu_link_color_hover":"","ocean_menu_link_color_active":"","ocean_menu_link_background":"","ocean_menu_link_hover_background":"","ocean_menu_link_active_background":"","ocean_menu_social_links_bg":"","ocean_menu_social_hover_links_bg":"","ocean_menu_social_links_color":"","ocean_menu_social_hover_links_color":"","ocean_disable_title":"on","ocean_disable_heading":"enable","ocean_post_title":"","ocean_post_subheading":"","ocean_post_title_style":"","ocean_post_title_background_color":"","ocean_post_title_background":0,"ocean_post_title_bg_image_position":"","ocean_post_title_bg_image_attachment":"","ocean_post_title_bg_image_repeat":"","ocean_post_title_bg_image_size":"","ocean_post_title_height":0,"ocean_post_title_bg_overlay":0.5,"ocean_post_title_bg_overlay_color":"","ocean_disable_breadcrumbs":"default","ocean_breadcrumbs_color":"","ocean_breadcrumbs_separator_color":"","ocean_breadcrumbs_links_color":"","ocean_breadcrumbs_links_hover_color":"","ocean_display_footer_widgets":"on","ocean_display_footer_bottom":"on","ocean_custom_footer_template":"0"},"_links":{"self":[{"href":"https:\/\/mauer-werk.de\/index.php?rest_route=\/wp\/v2\/pages\/81"}],"collection":[{"href":"https:\/\/mauer-werk.de\/index.php?rest_route=\/wp\/v2\/pages"}],"about":[{"href":"https:\/\/mauer-werk.de\/index.php?rest_route=\/wp\/v2\/types\/page"}],"author":[{"embeddable":true,"href":"https:\/\/mauer-werk.de\/index.php?rest_route=\/wp\/v2\/users\/1"}],"replies":[{"embeddable":true,"href":"https:\/\/mauer-werk.de\/index.php?rest_route=%2Fwp%2Fv2%2Fcomments&post=81"}],"version-history":[{"count":0,"href":"https:\/\/mauer-werk.de\/index.php?rest_route=\/wp\/v2\/pages\/81\/revisions"}],"wp:attachment":[{"href":"https:\/\/mauer-werk.de\/index.php?rest_route=%2Fwp%2Fv2%2Fmedia&parent=81"}],"curies":[{"name":"wp","href":"https:\/\/api.w.org\/{rel}","templated":true}]}}